{"id":11502,"date":"2019-03-21T15:20:48","date_gmt":"2019-03-21T20:20:48","guid":{"rendered":"https:\/\/coldanieljordan.edu.co\/web\/?page_id=11502"},"modified":"2025-01-27T17:56:49","modified_gmt":"2025-01-27T22:56:49","slug":"nuestro-colegio","status":"publish","type":"page","link":"https:\/\/coldanieljordan.edu.co\/web\/nuestro-colegio\/","title":{"rendered":"Nuestro Colegio"},"content":{"rendered":"<div class=\"wpb-content-wrapper\"><p>[vc_row][vc_column]<div class=\"thim-widget-heading template-base\"><div class=\"sc_heading  text-center\"><h3 style=\"font-size:35px;font-weight:600;\" class=\"title\">Planeamiento <strong>Estrat\u00e9gico<\/strong><\/h3><\/div><\/div>[\/vc_column][\/vc_row][vc_row css=\u00bb.vc_custom_1559531433775{margin-bottom: 15px !important;}\u00bb][vc_column width=\u00bb5\/12&#8243; css=\u00bb.vc_custom_1553219212365{margin-bottom: 30px !important;}\u00bb][vc_column_text css=\u00bb\u00bb]<\/p>\n<h3 class=\"thim-text-title\">Misi\u00f3n<\/h3>\n<p>La Instituci\u00f3n Educativa Presb\u00edtero Daniel Jord\u00e1n ubicada en la comuna 8 de San Jos\u00e9 de C\u00facuta ofrece una trayectoria completa desde preescolar hasta media acad\u00e9mica y t\u00e9cnica, que incluye modelos educativos flexibles; con nuestro servicio educativo formamos integralmente mediante el enfoque hol\u00edstico desde las dimensiones: personal, interpersonal, ecol\u00f3gica y los principios de conexi\u00f3n, inclusi\u00f3n y equilibrio; con el fin de educar estudiantes cr\u00edticos, creativos, emprendedores, que respondan a los desaf\u00edos actuales a trav\u00e9s de aprendizajes en las diferentes \u00e1reas del conocimiento, privilegiando la l\u00fadica, el uso de herramientas tecnol\u00f3gicas y el desarrollo de habilidades comunicativas en ingl\u00e9s\u00a0&#8211;\u00a0franc\u00e9s.[\/vc_column_text][\/vc_column][vc_column width=\u00bb7\/12&#8243; css=\u00bb.vc_custom_1553219224890{margin-bottom: 30px !important;}\u00bb][vc_column_text css=\u00bb\u00bb]<\/p>\n<h3 class=\"thim-text-title\">Visi\u00f3n<\/h3>\n<p>La Instituci\u00f3n Educativa Presb\u00edtero Daniel Jord\u00e1n reconocida por su compromiso con la excelencia, para el a\u00f1o 2030 contribuir\u00e1 a la sociedad con l\u00edderes de pensamiento cr\u00edtico y equilibrio socioemocional; con un proyecto de vida definido, orientado al ejercicio de una ciudadan\u00eda responsable para aportar al mundo laboral y profesional con el dominio de conocimientos en diferentes campos del saber, el uso de la tecnolog\u00eda para la innovaci\u00f3n y competencias comunicativas en diversos\u00a0contextos.[\/vc_column_text][\/vc_column][\/vc_row][vc_row][vc_column][vc_column_text]<\/p>\n<h3 class=\"thim-text-title\">Valores Institucionales<\/h3>\n<ul>\n<li><strong>Autonom\u00eda<\/strong>: Capacidad de tomar decisiones sin ning\u00fan tipo de influencia externa.<\/li>\n<li><strong>Respeto<\/strong>: Reconocimiento y aceptaci\u00f3n de s\u00ed mismo y del otro como sujeto de valor.<\/li>\n<li><strong>Lealtad<\/strong>: Fidelidad que un individuo muestra en la comunidad a la que pertenece.<\/li>\n<li><strong>Tolerancia<\/strong>: Es la capacidad de saber escuchar y aceptar a los dem\u00e1s, valorando las distintas formas de entender y posicionarse en la vida, siempre que no atenten contra los derechos fundamentales de la persona.<\/li>\n<li><strong>La solidaridad: <\/strong>definida \u201ccomo la capacidad de comprender al otro, y generar la empat\u00eda tanto emocional como cognitiva\u201d (Torres y Ram\u00edrez, 2012. p.71).<\/li>\n<li><strong>La equidad: <\/strong>consiste en \u201cdar a cada estudiante lo que necesita en el marco de un enfoque diferencial; en educar de acuerdo a las diferencias y necesidades individuales\u201d (MEN, 2013. P. 14).<\/li>\n<\/ul>\n<p>[\/vc_column_text][\/vc_column][\/vc_row][vc_row][vc_column][vc_column_text]<\/p>\n<h3 class=\"thim-text-title\">Principios Institucionales<\/h3>\n<ul>\n<li><strong>\u00abEl ser humano es Individual\u00bb<\/strong>.\u00a0 En esta dimensi\u00f3n, la persona\u00a0 debe procurar el valor de s\u00ed mismo en una b\u00fasqueda constante de superaci\u00f3n personal y social.<\/li>\n<li><strong>\u00abEl ser humano es social\u00bb<\/strong>.\u00a0 El proceso educativo debe\u00a0 tender a la permanente b\u00fasqueda de la interacci\u00f3n del ser con su mundo circundante para lograr una convivencia pac\u00edfica y\u00a0 obtener un equilibrio dentro de la sociedad en que vive.<\/li>\n<li><strong>\u201cEl ser humano es cr\u00edtico\u00bb.<\/strong> Capacita al educando para que conozca, profundice, analice, relacione y act\u00fae frente a la problem\u00e1tica real dando alternativas de soluci\u00f3n para lograr un bien com\u00fan.<\/li>\n<li><strong>\u201cEl ser humano es creativo\u00bb.<\/strong>\u00a0 Permite y desarrolla dentro de sus caracter\u00edsticas innatas la creatividad y el dinamismo para el mejoramiento personal y de su entorno.<\/li>\n<li><strong>\u201cEl ser humano es diverso\u201d.<\/strong> Significada no como anormalidad sino como caracter\u00edstica natural e innata de todo ser humano, que lo hace singular y diferente a los dem\u00e1s (Ministerio de Educaci\u00f3n Nacional \u2013MEN-, 2013. P. 12).<\/li>\n<\/ul>\n<p>[\/vc_column_text][\/vc_column][\/vc_row][vc_row][vc_column][vc_column_text]<\/p>\n<h3 class=\"thim-text-title\">Perfil del Estudiante<\/h3>\n<ul>\n<li>Ser autentico en sus valores religiosos morales y \u00e9ticos<\/li>\n<li>Valorar, respetar la vida, su integridad y la de otras personas<\/li>\n<li>Convivir arm\u00f3nica y pac\u00edficamente, con pleno convencimiento de hacer el bien.<\/li>\n<li>Ser consciente de su responsabilidad para el ejercicio de los derechos humanos sexuales y reproductivos.<\/li>\n<li>Poseer el saber social, acad\u00e9mico, cultural, cient\u00edfico y tecnol\u00f3gico que le permite proyectarse como una persona segura de s\u00ed misma.<\/li>\n<li>Mostrar competencias b\u00e1sicas y espec\u00edficas que le aseguran un buen desempe\u00f1o en las diferentes situaciones de su vida.<\/li>\n<li>Excelente presentaci\u00f3n y uso de buen vocabulario<\/li>\n<li>Proteger su salud y la de los dem\u00e1s.<\/li>\n<li>Ser aut\u00f3nomo y consciente de sus responsabilidades como l\u00edder y gestor de su proyecto de vida.<\/li>\n<li>Ser din\u00e1mico, observador y autoexigente para que sea emprendedor y responda a las necesidades del mundo que le rodea buscando siempre la excelencia.<\/li>\n<li>Se siente orgulloso (a) de pertenecer a esta instituci\u00f3n. \u201cUna vez jordanista, siempre jordanista\u201d.<\/li>\n<\/ul>\n<p>[\/vc_column_text][\/vc_column][\/vc_row][vc_row disable_element=\u00bbyes\u00bb css=\u00bb.vc_custom_1561062452248{background-color: #95c5f4 !important;}\u00bb][vc_column][vc_row_inner][vc_column_inner]<div class=\"thim-widget-heading template-base\"><div class=\"sc_heading  text-center\"><h3 class=\"title\"><strong>Himno<\/strong> Institucional<\/h3><span class=\"line\"><\/span><\/div><\/div>[\/vc_column_inner][\/vc_row_inner][vc_row_inner][vc_column_inner width=\u00bb1\/3&#8243;]<div class=\"thim-widget-heading template-base\"><div class=\"sc_heading  text-center\"><h3 class=\"title\">CORO<\/h3><span class=\"line\"><\/span><\/div><\/div>[vc_column_text]<\/p>\n<div style=\"text-align: center;\">coro coro coro<\/div>\n<div style=\"text-align: center;\">coro coro<\/div>\n<div style=\"text-align: center;\">coro coro coro<\/div>\n<div style=\"text-align: center;\"><\/div>\n<p>[\/vc_column_text]<div class=\"thim-widget-heading template-base\"><div class=\"sc_heading  text-center\"><h3 class=\"title\">III<\/h3><span class=\"line\"><\/span><\/div><\/div>[vc_column_text]<\/p>\n<div style=\"text-align: center;\">coro coro coro<\/div>\n<div style=\"text-align: center;\">coro coro<\/div>\n<div style=\"text-align: center;\">coro coro coro<\/div>\n<p>[\/vc_column_text][\/vc_column_inner][vc_column_inner width=\u00bb1\/3&#8243;]<div class=\"thim-widget-heading template-base\"><div class=\"sc_heading  text-center\"><h3 class=\"title\">I<\/h3><span class=\"line\"><\/span><\/div><\/div>[vc_column_text]<\/p>\n<div style=\"text-align: center;\">coro coro coro<\/div>\n<div style=\"text-align: center;\">coro coro<\/div>\n<div style=\"text-align: center;\">coro coro coro<\/div>\n<p>[\/vc_column_text]<div class=\"thim-widget-heading template-base\"><div class=\"sc_heading  text-center\"><h3 class=\"title\">IV<\/h3><span class=\"line\"><\/span><\/div><\/div>[vc_column_text]<\/p>\n<div style=\"text-align: center;\">coro coro coro<\/div>\n<div style=\"text-align: center;\">coro coro<\/div>\n<div style=\"text-align: center;\">coro coro coro<\/div>\n<p>[\/vc_column_text][\/vc_column_inner][vc_column_inner width=\u00bb1\/3&#8243;]<div class=\"thim-widget-heading template-base\"><div class=\"sc_heading  text-center\"><h3 class=\"title\">II<\/h3><span class=\"line\"><\/span><\/div><\/div>[vc_column_text]<\/p>\n<div style=\"text-align: center;\">coro coro coro<\/div>\n<div style=\"text-align: center;\">coro coro<\/div>\n<div style=\"text-align: center;\">coro coro coro<\/div>\n<p>[\/vc_column_text]<div class=\"thim-widget-heading template-base\"><div class=\"sc_heading  text-center\"><h3 class=\"title\">V<\/h3><span class=\"line\"><\/span><\/div><\/div>[vc_column_text]<\/p>\n<div style=\"text-align: center;\">coro coro coro<\/div>\n<div style=\"text-align: center;\">coro coro<\/div>\n<div style=\"text-align: center;\">coro coro coro<\/div>\n<p>[\/vc_column_text][\/vc_column_inner][\/vc_row_inner][\/vc_column][\/vc_row][vc_row][vc_column width=\u00bb1\/2&#8243;][vc_column_text]<\/p>\n<h3 class=\"thim-text-title\" style=\"text-align: center;\">Escudo<\/h3>\n<p>[\/vc_column_text][vc_single_image image=\u00bb11699&#8243; img_size=\u00bbfull\u00bb alignment=\u00bbcenter\u00bb css=\u00bb\u00bb][\/vc_column][vc_column width=\u00bb1\/2&#8243;][vc_column_text]<\/p>\n<h3 class=\"thim-text-title\" style=\"text-align: center;\">Bandera<\/h3>\n<p>[\/vc_column_text][vc_single_image image=\u00bb12237&#8243; img_size=\u00bbfull\u00bb alignment=\u00bbcenter\u00bb css=\u00bb\u00bb][\/vc_column][\/vc_row]<\/p>\n<\/div>","protected":false},"excerpt":{"rendered":"<p>[vc_row][vc_column][\/vc_column][\/vc_row][vc_row css=\u00bb.vc_custom_1559531433775{margin-bottom: 15px !important;}\u00bb][vc_column width=\u00bb5\/12&#8243; css=\u00bb.vc_custom_1553219212365{margin-bottom: 30px !important;}\u00bb][vc_column_text css=\u00bb\u00bb] Misi\u00f3n La Instituci\u00f3n Educativa Presb\u00edtero Daniel Jord\u00e1n ubicada en la comuna 8 de San Jos\u00e9 de C\u00facuta ofrece una trayectoria completa desde preescolar hasta media acad\u00e9mica y t\u00e9cnica, que incluye modelos &hellip; <\/p>\n","protected":false},"author":1,"featured_media":0,"parent":0,"menu_order":0,"comment_status":"closed","ping_status":"closed","template":"","meta":{"footnotes":""},"class_list":["post-11502","page","type-page","status-publish","hentry"],"_links":{"self":[{"href":"https:\/\/coldanieljordan.edu.co\/web\/wp-json\/wp\/v2\/pages\/11502","targetHints":{"allow":["GET"]}}],"collection":[{"href":"https:\/\/coldanieljordan.edu.co\/web\/wp-json\/wp\/v2\/pages"}],"about":[{"href":"https:\/\/coldanieljordan.edu.co\/web\/wp-json\/wp\/v2\/types\/page"}],"author":[{"embeddable":true,"href":"https:\/\/coldanieljordan.edu.co\/web\/wp-json\/wp\/v2\/users\/1"}],"replies":[{"embeddable":true,"href":"https:\/\/coldanieljordan.edu.co\/web\/wp-json\/wp\/v2\/comments?post=11502"}],"version-history":[{"count":9,"href":"https:\/\/coldanieljordan.edu.co\/web\/wp-json\/wp\/v2\/pages\/11502\/revisions"}],"predecessor-version":[{"id":12247,"href":"https:\/\/coldanieljordan.edu.co\/web\/wp-json\/wp\/v2\/pages\/11502\/revisions\/12247"}],"wp:attachment":[{"href":"https:\/\/coldanieljordan.edu.co\/web\/wp-json\/wp\/v2\/media?parent=11502"}],"curies":[{"name":"wp","href":"https:\/\/api.w.org\/{rel}","templated":true}]}}